{"id":78,"date":"2024-02-23T11:53:20","date_gmt":"2024-02-23T10:53:20","guid":{"rendered":"https:\/\/agencejogen.fr\/?page_id=78"},"modified":"2024-02-23T14:53:36","modified_gmt":"2024-02-23T13:53:36","slug":"lagence","status":"publish","type":"page","link":"https:\/\/agencejogen.fr\/index.php\/lagence\/","title":{"rendered":"L&rsquo;agence"},"content":{"rendered":"\t\t<div data-elementor-type=\"wp-page\" data-elementor-id=\"78\" class=\"elementor elementor-78\">\n\t\t\t\t<div class=\"elementor-element elementor-element-ceaf3dc e-flex e-con-boxed wpr-particle-no wpr-jarallax-no wpr-parallax-no wpr-sticky-section-no e-con e-parent\" data-id=\"ceaf3dc\" data-element_type=\"container\" data-settings=\"{&quot;content_width&quot;:&quot;boxed&quot;}\" data-core-v316-plus=\"true\">\n\t\t\t\t\t<div class=\"e-con-inner\">\n\t\t\t\t<div class=\"elementor-element elementor-element-c58e837 elementor-widget elementor-widget-heading\" data-id=\"c58e837\" data-element_type=\"widget\" data-widget_type=\"heading.default\">\n\t\t\t\t<div class=\"elementor-widget-container\">\n\t\t\t<style>\/*! elementor - v3.19.0 - 07-02-2024 *\/\n.elementor-heading-title{padding:0;margin:0;line-height:1}.elementor-widget-heading .elementor-heading-title[class*=elementor-size-]>a{color:inherit;font-size:inherit;line-height:inherit}.elementor-widget-heading .elementor-heading-title.elementor-size-small{font-size:15px}.elementor-widget-heading .elementor-heading-title.elementor-size-medium{font-size:19px}.elementor-widget-heading .elementor-heading-title.elementor-size-large{font-size:29px}.elementor-widget-heading .elementor-heading-title.elementor-size-xl{font-size:39px}.elementor-widget-heading .elementor-heading-title.elementor-size-xxl{font-size:59px}<\/style><h1 class=\"elementor-heading-title elementor-size-default\">Qui sommes nous ?<\/h1>\t\t<\/div>\n\t\t\t\t<\/div>\n\t\t\t\t\t<\/div>\n\t\t\t\t<\/div>\n\t\t<div class=\"elementor-element elementor-element-485c694 e-flex e-con-boxed wpr-particle-no wpr-jarallax-no wpr-parallax-no wpr-sticky-section-no e-con e-parent\" data-id=\"485c694\" data-element_type=\"container\" data-settings=\"{&quot;content_width&quot;:&quot;boxed&quot;}\" data-core-v316-plus=\"true\">\n\t\t\t\t\t<div class=\"e-con-inner\">\n\t\t<div class=\"elementor-element elementor-element-ae8b251 e-con-full e-flex wpr-particle-no wpr-jarallax-no wpr-parallax-no wpr-sticky-section-no e-con e-child\" data-id=\"ae8b251\" data-element_type=\"container\" data-settings=\"{&quot;content_width&quot;:&quot;full&quot;}\">\n\t\t\t\t<div class=\"elementor-element elementor-element-003ed93 elementor-widget elementor-widget-image\" data-id=\"003ed93\" data-element_type=\"widget\" data-widget_type=\"image.default\">\n\t\t\t\t<div class=\"elementor-widget-container\">\n\t\t\t<style>\/*! elementor - v3.19.0 - 07-02-2024 *\/\n.elementor-widget-image{text-align:center}.elementor-widget-image a{display:inline-block}.elementor-widget-image a img[src$=\".svg\"]{width:48px}.elementor-widget-image img{vertical-align:middle;display:inline-block}<\/style>\t\t\t\t\t\t\t\t\t\t<img fetchpriority=\"high\" decoding=\"async\" width=\"585\" height=\"544\" src=\"https:\/\/agencejogen.fr\/wp-content\/uploads\/2024\/02\/Screenshot-2024-02-23-at-10-55-56-JOGEN_AGENCE_CARTE_DE_VISITE-JOGEN_AGENCE_CARTE_DE_VISITE.pdf.png\" class=\"attachment-large size-large wp-image-68\" alt=\"Logo Agence Jogen communication\" srcset=\"https:\/\/agencejogen.fr\/wp-content\/uploads\/2024\/02\/Screenshot-2024-02-23-at-10-55-56-JOGEN_AGENCE_CARTE_DE_VISITE-JOGEN_AGENCE_CARTE_DE_VISITE.pdf.png 585w, https:\/\/agencejogen.fr\/wp-content\/uploads\/2024\/02\/Screenshot-2024-02-23-at-10-55-56-JOGEN_AGENCE_CARTE_DE_VISITE-JOGEN_AGENCE_CARTE_DE_VISITE.pdf-300x279.png 300w\" sizes=\"(max-width: 585px) 100vw, 585px\" \/>\t\t\t\t\t\t\t\t\t\t\t\t\t<\/div>\n\t\t\t\t<\/div>\n\t\t\t\t<\/div>\n\t\t<div class=\"elementor-element elementor-element-629823b e-con-full e-flex wpr-particle-no wpr-jarallax-no wpr-parallax-no wpr-sticky-section-no e-con e-child\" data-id=\"629823b\" data-element_type=\"container\" data-settings=\"{&quot;content_width&quot;:&quot;full&quot;}\">\n\t\t<div class=\"elementor-element elementor-element-635cf29 e-flex e-con-boxed wpr-particle-no wpr-jarallax-no wpr-parallax-no wpr-sticky-section-no e-con e-child\" data-id=\"635cf29\" data-element_type=\"container\" data-settings=\"{&quot;content_width&quot;:&quot;boxed&quot;}\">\n\t\t\t\t\t<div class=\"e-con-inner\">\n\t\t\t\t<div class=\"elementor-element elementor-element-01ed8a7 elementor-widget elementor-widget-text-editor\" data-id=\"01ed8a7\" data-element_type=\"widget\" data-widget_type=\"text-editor.default\">\n\t\t\t\t<div class=\"elementor-widget-container\">\n\t\t\t<style>\/*! elementor - v3.19.0 - 07-02-2024 *\/\n.elementor-widget-text-editor.elementor-drop-cap-view-stacked .elementor-drop-cap{background-color:#69727d;color:#fff}.elementor-widget-text-editor.elementor-drop-cap-view-framed .elementor-drop-cap{color:#69727d;border:3px solid;background-color:transparent}.elementor-widget-text-editor:not(.elementor-drop-cap-view-default) .elementor-drop-cap{margin-top:8px}.elementor-widget-text-editor:not(.elementor-drop-cap-view-default) .elementor-drop-cap-letter{width:1em;height:1em}.elementor-widget-text-editor .elementor-drop-cap{float:left;text-align:center;line-height:1;font-size:50px}.elementor-widget-text-editor .elementor-drop-cap-letter{display:inline-block}<\/style>\t\t\t\t<p style=\"text-align: center;\">La question appropri\u00e9e serait plut\u00f4t : \u00ab\u00a0qui suis je\u00a0\u00bb ? Car, effectivement, je suis seule pour accompagner votre qu\u00eate d&rsquo;une communication sur mesure, coh\u00e9rente avec vos besoins et adapt\u00e9e \u00e0 vos moyens. Seule, certes, mais \u00e9quip\u00e9e, gr\u00e2ce \u00e0 11 ans d&rsquo;exp\u00e9riences dans la communication, le marketing et le commercial pour tout type de structure. J&rsquo;ai exerc\u00e9 en qualit\u00e9 d&rsquo;entrepreneur et comme salari\u00e9e, au sein de TPE, start up, PME et grand groupe du CAC40.\u00a0<\/p><div style=\"text-align: center;\"><span style=\"background-color: var(--nv-site-bg); color: var( --e-global-color-text ); font-family: var( --e-global-typography-text-font-family ), Sans-serif; font-weight: var( --e-global-typography-text-font-weight ); letter-spacing: var(--bodyletterspacing); text-align: left; text-transform: var(--bodytexttransform);\">Mes savoir faire ?\u00a0<\/span><span style=\"background-color: var(--nv-site-bg); color: var( --e-global-color-text ); font-family: var( --e-global-typography-text-font-family ), Sans-serif; font-weight: var( --e-global-typography-text-font-weight ); letter-spacing: var(--bodyletterspacing); text-align: left; text-transform: var(--bodytexttransform);\">La conception et application de strat\u00e9gie de communication, la conception de strat\u00e9gie de contenus, la cr\u00e9ation de ces derniers, ainsi que l&rsquo;\u00e9v\u00e9nementiel.\u00a0<\/span><\/div><div style=\"text-align: center;\"><span style=\"background-color: var(--nv-site-bg); color: var( --e-global-color-text ); font-family: var( --e-global-typography-text-font-family ), Sans-serif; font-weight: var( --e-global-typography-text-font-weight ); letter-spacing: var(--bodyletterspacing); text-align: left; text-transform: var(--bodytexttransform);\"><br \/>Mes atouts ?\u00a0<\/span><span style=\"background-color: var(--nv-site-bg); color: var( --e-global-color-text ); font-family: var( --e-global-typography-text-font-family ), Sans-serif; font-weight: var( --e-global-typography-text-font-weight ); letter-spacing: var(--bodyletterspacing); text-align: left; text-transform: var(--bodytexttransform);\">La capacit\u00e9 \u00e0 adapter mes savoir faire \u00e0 tout type de profil client, de budget tout en r\u00e9solvant les probl\u00e9matiques strat\u00e9gique et\/ou op\u00e9rationnelle qui vous sont propres ainsi que l<\/span><span style=\"background-color: var(--nv-site-bg); color: var( --e-global-color-text ); font-family: var( --e-global-typography-text-font-family ), Sans-serif; font-weight: var( --e-global-typography-text-font-weight ); letter-spacing: var(--bodyletterspacing); text-align: left; text-transform: var(--bodytexttransform);\">a vision pluridisciplinaire dont je dispose gr\u00e2ce \u00e0 mes exp\u00e9riences en commercial et marketing.<\/span><\/div>\t\t\t\t\t\t<\/div>\n\t\t\t\t<\/div>\n\t\t\t\t\t<\/div>\n\t\t\t\t<\/div>\n\t\t<div class=\"elementor-element elementor-element-3dda617 e-flex e-con-boxed wpr-particle-no wpr-jarallax-no wpr-parallax-no wpr-sticky-section-no e-con e-child\" data-id=\"3dda617\" data-element_type=\"container\" data-settings=\"{&quot;content_width&quot;:&quot;boxed&quot;}\">\n\t\t\t\t\t<div class=\"e-con-inner\">\n\t\t\t\t<div class=\"elementor-element elementor-element-4605f63 elementor-align-center elementor-widget elementor-widget-button\" data-id=\"4605f63\" data-element_type=\"widget\" data-widget_type=\"button.default\">\n\t\t\t\t<div class=\"elementor-widget-container\">\n\t\t\t\t\t<div class=\"elementor-button-wrapper\">\n\t\t\t<a class=\"elementor-button elementor-button-link elementor-size-sm\" href=\"#\">\n\t\t\t\t\t\t<span class=\"elementor-button-content-wrapper\">\n\t\t\t\t\t\t<span class=\"elementor-button-text\">LES SERVICES<\/span>\n\t\t<\/span>\n\t\t\t\t\t<\/a>\n\t\t<\/div>\n\t\t\t\t<\/div>\n\t\t\t\t<\/div>\n\t\t\t\t\t<\/div>\n\t\t\t\t<\/div>\n\t\t\t\t<\/div>\n\t\t\t\t\t<\/div>\n\t\t\t\t<\/div>\n\t\t<div class=\"elementor-element elementor-element-4f13543 e-flex e-con-boxed wpr-particle-no wpr-jarallax-no wpr-parallax-no wpr-sticky-section-no e-con e-parent\" data-id=\"4f13543\" data-element_type=\"container\" data-settings=\"{&quot;content_width&quot;:&quot;boxed&quot;}\" data-core-v316-plus=\"true\">\n\t\t\t\t\t<div class=\"e-con-inner\">\n\t\t<div class=\"elementor-element elementor-element-a461c06 e-flex e-con-boxed wpr-particle-no wpr-jarallax-no wpr-parallax-no wpr-sticky-section-no e-con e-child\" data-id=\"a461c06\" data-element_type=\"container\" data-settings=\"{&quot;content_width&quot;:&quot;boxed&quot;}\">\n\t\t\t\t\t<div class=\"e-con-inner\">\n\t\t\t\t<div class=\"elementor-element elementor-element-ef22267 elementor-widget elementor-widget-heading\" data-id=\"ef22267\" data-element_type=\"widget\" data-widget_type=\"heading.default\">\n\t\t\t\t<div class=\"elementor-widget-container\">\n\t\t\t<h4 class=\"elementor-heading-title elementor-size-default\">LA PHILOSOPHIE DE L'AGENCE<\/h4>\t\t<\/div>\n\t\t\t\t<\/div>\n\t\t\t\t\t<\/div>\n\t\t\t\t<\/div>\n\t\t\t\t\t<\/div>\n\t\t\t\t<\/div>\n\t\t<div class=\"elementor-element elementor-element-1fb5d72 e-flex e-con-boxed wpr-particle-no wpr-jarallax-no wpr-parallax-no wpr-sticky-section-no e-con e-parent\" data-id=\"1fb5d72\" data-element_type=\"container\" data-settings=\"{&quot;content_width&quot;:&quot;boxed&quot;}\" data-core-v316-plus=\"true\">\n\t\t\t\t\t<div class=\"e-con-inner\">\n\t\t\t\t<div class=\"elementor-element elementor-element-2617724 elementor-widget elementor-widget-text-editor\" data-id=\"2617724\" data-element_type=\"widget\" data-widget_type=\"text-editor.default\">\n\t\t\t\t<div class=\"elementor-widget-container\">\n\t\t\t\t\t\t\t<p>La communication est, \u00e0 mon sens, centrale pour p\u00e9renniser l&rsquo;existence de son activit\u00e9. Que vous soyez auto-entrepreneur, entreprise ou encore association, que votre rayonnement d&rsquo;activit\u00e9 soit local, r\u00e9gional, national ou international, que vous proposiez des services ou des produits, la communication offre des r\u00e9ponses pertinentes pour chacun de vos besoins. Cependant, il faut savoir quels outils mobiliser pour quel objectif. C&rsquo;est ici que j&rsquo;interviens. Je milite pour une communication efficace et adapt\u00e9e \u00e0 votre profil o\u00f9 avoir un compte sur tous les r\u00e9seaux sociaux qui existent n&rsquo;est pas une obligation, o\u00f9 la coh\u00e9rence et l&rsquo;efficacit\u00e9 sont plus important que le sensationnel, o\u00f9 la construction de relation de confiance avec vos partenaires &#8211; clients mais pas seulement &#8211; prime sur une surexposition \u00e9ph\u00e9m\u00e8re d\u00e9bouchant sur de nombreuses prises de contact mais peu, voir pas, de transformation. L&rsquo;agence Jogen c&rsquo;est ma croyance en une communication simple mais impactante (<i>less is more<\/i>), avec une proposition de strat\u00e9gie p\u00e9renne, sur mesure, con\u00e7ue en fonction de vos atouts et app\u00e9tences.<\/p>\t\t\t\t\t\t<\/div>\n\t\t\t\t<\/div>\n\t\t\t\t\t<\/div>\n\t\t\t\t<\/div>\n\t\t\t\t<\/div>\n\t\t","protected":false},"excerpt":{"rendered":"<p>Qui sommes nous ? La question appropri\u00e9e serait plut\u00f4t : \u00ab\u00a0qui suis je\u00a0\u00bb ? Car, effectivement, je suis seule pour accompagner votre qu\u00eate d&rsquo;une communication sur mesure, coh\u00e9rente avec vos besoins et adapt\u00e9e \u00e0 vos moyens. Seule, certes, mais \u00e9quip\u00e9e, gr\u00e2ce \u00e0 11 ans d&rsquo;exp\u00e9riences dans la communication, le marketing et le commercial pour tout&hellip;&nbsp;<a href=\"https:\/\/agencejogen.fr\/index.php\/lagence\/\" class=\"\" rel=\"bookmark\">Lire la suite &raquo;<span class=\"screen-reader-text\">L&rsquo;agence<\/span><\/a><\/p>\n","protected":false},"author":1,"featured_media":0,"parent":0,"menu_order":0,"comment_status":"closed","ping_status":"closed","template":"page-templates\/template-pagebuilder-full-width.php","meta":{"neve_meta_sidebar":"","neve_meta_container":"","neve_meta_enable_content_width":"","neve_meta_content_width":0,"neve_meta_title_alignment":"","neve_meta_author_avatar":"","neve_post_elements_order":"","neve_meta_disable_header":"","neve_meta_disable_footer":"","neve_meta_disable_title":"","footnotes":""},"class_list":["post-78","page","type-page","status-publish","hentry"],"yoast_head":"<!-- This site is optimized with the Yoast SEO plugin v22.1 - https:\/\/yoast.com\/wordpress\/plugins\/seo\/ -->\n<title>L&#039;agence - AGENCE JOGEN<\/title>\n<meta name=\"robots\" content=\"index, follow, max-snippet:-1, max-image-preview:large, max-video-preview:-1\" \/>\n<link rel=\"canonical\" href=\"https:\/\/agencejogen.fr\/index.php\/lagence\/\" \/>\n<meta property=\"og:locale\" content=\"fr_FR\" \/>\n<meta property=\"og:type\" content=\"article\" \/>\n<meta property=\"og:title\" content=\"L&#039;agence - AGENCE JOGEN\" \/>\n<meta property=\"og:description\" content=\"Qui sommes nous ? La question appropri\u00e9e serait plut\u00f4t : \u00ab\u00a0qui suis je\u00a0\u00bb ? Car, effectivement, je suis seule pour accompagner votre qu\u00eate d&rsquo;une communication sur mesure, coh\u00e9rente avec vos besoins et adapt\u00e9e \u00e0 vos moyens. Seule, certes, mais \u00e9quip\u00e9e, gr\u00e2ce \u00e0 11 ans d&rsquo;exp\u00e9riences dans la communication, le marketing et le commercial pour tout&hellip;&nbsp;Lire la suite &raquo;L&rsquo;agence\" \/>\n<meta property=\"og:url\" content=\"https:\/\/agencejogen.fr\/index.php\/lagence\/\" \/>\n<meta property=\"og:site_name\" content=\"AGENCE JOGEN\" \/>\n<meta property=\"article:modified_time\" content=\"2024-02-23T13:53:36+00:00\" \/>\n<meta property=\"og:image\" content=\"http:\/\/agencejogen.fr\/wp-content\/uploads\/2024\/02\/Screenshot-2024-02-23-at-10-55-56-JOGEN_AGENCE_CARTE_DE_VISITE-JOGEN_AGENCE_CARTE_DE_VISITE.pdf.png\" \/>\n<meta name=\"twitter:card\" content=\"summary_large_image\" \/>\n<meta name=\"twitter:label1\" content=\"Dur\u00e9e de lecture estim\u00e9e\" \/>\n\t<meta name=\"twitter:data1\" content=\"2 minutes\" \/>\n<script type=\"application\/ld+json\" class=\"yoast-schema-graph\">{\"@context\":\"https:\/\/schema.org\",\"@graph\":[{\"@type\":\"WebPage\",\"@id\":\"https:\/\/agencejogen.fr\/index.php\/lagence\/\",\"url\":\"https:\/\/agencejogen.fr\/index.php\/lagence\/\",\"name\":\"L'agence - AGENCE JOGEN\",\"isPartOf\":{\"@id\":\"https:\/\/agencejogen.fr\/#website\"},\"datePublished\":\"2024-02-23T10:53:20+00:00\",\"dateModified\":\"2024-02-23T13:53:36+00:00\",\"breadcrumb\":{\"@id\":\"https:\/\/agencejogen.fr\/index.php\/lagence\/#breadcrumb\"},\"inLanguage\":\"fr-FR\",\"potentialAction\":[{\"@type\":\"ReadAction\",\"target\":[\"https:\/\/agencejogen.fr\/index.php\/lagence\/\"]}]},{\"@type\":\"BreadcrumbList\",\"@id\":\"https:\/\/agencejogen.fr\/index.php\/lagence\/#breadcrumb\",\"itemListElement\":[{\"@type\":\"ListItem\",\"position\":1,\"name\":\"Accueil\",\"item\":\"https:\/\/agencejogen.fr\/\"},{\"@type\":\"ListItem\",\"position\":2,\"name\":\"L&rsquo;agence\"}]},{\"@type\":\"WebSite\",\"@id\":\"https:\/\/agencejogen.fr\/#website\",\"url\":\"https:\/\/agencejogen.fr\/\",\"name\":\"AGENCE JOGEN\",\"description\":\"Votre guide vers une communication sur mesure\",\"publisher\":{\"@id\":\"https:\/\/agencejogen.fr\/#organization\"},\"potentialAction\":[{\"@type\":\"SearchAction\",\"target\":{\"@type\":\"EntryPoint\",\"urlTemplate\":\"https:\/\/agencejogen.fr\/?s={search_term_string}\"},\"query-input\":\"required name=search_term_string\"}],\"inLanguage\":\"fr-FR\"},{\"@type\":\"Organization\",\"@id\":\"https:\/\/agencejogen.fr\/#organization\",\"name\":\"AGENCE JOGEN\",\"url\":\"https:\/\/agencejogen.fr\/\",\"logo\":{\"@type\":\"ImageObject\",\"inLanguage\":\"fr-FR\",\"@id\":\"https:\/\/agencejogen.fr\/#\/schema\/logo\/image\/\",\"url\":\"\",\"contentUrl\":\"\",\"caption\":\"AGENCE JOGEN\"},\"image\":{\"@id\":\"https:\/\/agencejogen.fr\/#\/schema\/logo\/image\/\"}}]}<\/script>\n<!-- \/ Yoast SEO plugin. -->","yoast_head_json":{"title":"L'agence - AGENCE JOGEN","robots":{"index":"index","follow":"follow","max-snippet":"max-snippet:-1","max-image-preview":"max-image-preview:large","max-video-preview":"max-video-preview:-1"},"canonical":"https:\/\/agencejogen.fr\/index.php\/lagence\/","og_locale":"fr_FR","og_type":"article","og_title":"L'agence - AGENCE JOGEN","og_description":"Qui sommes nous ? La question appropri\u00e9e serait plut\u00f4t : \u00ab\u00a0qui suis je\u00a0\u00bb ? Car, effectivement, je suis seule pour accompagner votre qu\u00eate d&rsquo;une communication sur mesure, coh\u00e9rente avec vos besoins et adapt\u00e9e \u00e0 vos moyens. Seule, certes, mais \u00e9quip\u00e9e, gr\u00e2ce \u00e0 11 ans d&rsquo;exp\u00e9riences dans la communication, le marketing et le commercial pour tout&hellip;&nbsp;Lire la suite &raquo;L&rsquo;agence","og_url":"https:\/\/agencejogen.fr\/index.php\/lagence\/","og_site_name":"AGENCE JOGEN","article_modified_time":"2024-02-23T13:53:36+00:00","og_image":[{"url":"http:\/\/agencejogen.fr\/wp-content\/uploads\/2024\/02\/Screenshot-2024-02-23-at-10-55-56-JOGEN_AGENCE_CARTE_DE_VISITE-JOGEN_AGENCE_CARTE_DE_VISITE.pdf.png"}],"twitter_card":"summary_large_image","twitter_misc":{"Dur\u00e9e de lecture estim\u00e9e":"2 minutes"},"schema":{"@context":"https:\/\/schema.org","@graph":[{"@type":"WebPage","@id":"https:\/\/agencejogen.fr\/index.php\/lagence\/","url":"https:\/\/agencejogen.fr\/index.php\/lagence\/","name":"L'agence - AGENCE JOGEN","isPartOf":{"@id":"https:\/\/agencejogen.fr\/#website"},"datePublished":"2024-02-23T10:53:20+00:00","dateModified":"2024-02-23T13:53:36+00:00","breadcrumb":{"@id":"https:\/\/agencejogen.fr\/index.php\/lagence\/#breadcrumb"},"inLanguage":"fr-FR","potentialAction":[{"@type":"ReadAction","target":["https:\/\/agencejogen.fr\/index.php\/lagence\/"]}]},{"@type":"BreadcrumbList","@id":"https:\/\/agencejogen.fr\/index.php\/lagence\/#breadcrumb","itemListElement":[{"@type":"ListItem","position":1,"name":"Accueil","item":"https:\/\/agencejogen.fr\/"},{"@type":"ListItem","position":2,"name":"L&rsquo;agence"}]},{"@type":"WebSite","@id":"https:\/\/agencejogen.fr\/#website","url":"https:\/\/agencejogen.fr\/","name":"AGENCE JOGEN","description":"Votre guide vers une communication sur mesure","publisher":{"@id":"https:\/\/agencejogen.fr\/#organization"},"potentialAction":[{"@type":"SearchAction","target":{"@type":"EntryPoint","urlTemplate":"https:\/\/agencejogen.fr\/?s={search_term_string}"},"query-input":"required name=search_term_string"}],"inLanguage":"fr-FR"},{"@type":"Organization","@id":"https:\/\/agencejogen.fr\/#organization","name":"AGENCE JOGEN","url":"https:\/\/agencejogen.fr\/","logo":{"@type":"ImageObject","inLanguage":"fr-FR","@id":"https:\/\/agencejogen.fr\/#\/schema\/logo\/image\/","url":"","contentUrl":"","caption":"AGENCE JOGEN"},"image":{"@id":"https:\/\/agencejogen.fr\/#\/schema\/logo\/image\/"}}]}},"_links":{"self":[{"href":"https:\/\/agencejogen.fr\/index.php\/wp-json\/wp\/v2\/pages\/78","targetHints":{"allow":["GET"]}}],"collection":[{"href":"https:\/\/agencejogen.fr\/index.php\/wp-json\/wp\/v2\/pages"}],"about":[{"href":"https:\/\/agencejogen.fr\/index.php\/wp-json\/wp\/v2\/types\/page"}],"author":[{"embeddable":true,"href":"https:\/\/agencejogen.fr\/index.php\/wp-json\/wp\/v2\/users\/1"}],"replies":[{"embeddable":true,"href":"https:\/\/agencejogen.fr\/index.php\/wp-json\/wp\/v2\/comments?post=78"}],"version-history":[{"count":26,"href":"https:\/\/agencejogen.fr\/index.php\/wp-json\/wp\/v2\/pages\/78\/revisions"}],"predecessor-version":[{"id":112,"href":"https:\/\/agencejogen.fr\/index.php\/wp-json\/wp\/v2\/pages\/78\/revisions\/112"}],"wp:attachment":[{"href":"https:\/\/agencejogen.fr\/index.php\/wp-json\/wp\/v2\/media?parent=78"}],"curies":[{"name":"wp","href":"https:\/\/api.w.org\/{rel}","templated":true}]}}